{"id":11928,"date":"2024-05-13T13:45:48","date_gmt":"2024-05-13T11:45:48","guid":{"rendered":"http:\/\/ajot.v9.mr.org.pl\/aranzacja-wnetrz-trojmiasto\/"},"modified":"2026-02-26T09:29:46","modified_gmt":"2026-02-26T08:29:46","slug":"interior-design-in-the-tricity-area","status":"publish","type":"page","link":"https:\/\/ajot-aranzacje.pl\/en\/interior-design-in-the-tricity-area\/","title":{"rendered":"INTERIOR DESIGN IN THE TRICITY AREA"},"content":{"rendered":"\n<p>In <strong>the Tri-City<\/strong>, <strong>the art of interior design<\/strong> takes on a special dimension, combining a rich history, contemporary style, and regional inspiration. As <strong>interior designers in the Tri-City<\/strong> with a passion for this city, we want to make your interiors unique. Our design studio specializes in creating spaces that not only delight with their aesthetics, but also perfectly match your needs and lifestyle. Discover with us the potential hidden in your interiors and create with us a place that will reflect your personality and taste.<\/p>\n\n\n\n<h2 class=\"wp-block-heading\">What does an interior designer do in the Tri-City?<\/h2>\n\n\n\n<p>As the owner of a design studio, I would like to share with you our passion for interior design in the Tri-City. Our commitment to creating spaces is based on a deep understanding that interiors are not only places where we live or work, but also a reflection of our personalities and aspirations.<\/p>\n\n\n\n<p>Our team <strong>of interior designers in the Tri-City <\/strong>is fully committed to every project, with a keen sense of aesthetics and an understanding of functionality. We provide comprehensive interior design services that reflect the character of the city and meet the individual expectations of our clients.<\/p>\n\n\n\n<p>From the initial consultation to the final implementation of the project, our design office provides professional service, taking care of every detail. We strive to ensure that every interior we <strong>design in the Tri-City<\/strong> and the surrounding area is not only beautiful, but also functional and well thought out.<\/p>\n\n\n\n<h2 class=\"wp-block-heading\">Interior design in the Tri-City that will exceed your wildest expectations<\/h2>\n\n\n\n<p><strong>Interior design for houses, apartments, and businesses in the Tri-City area <\/strong>is a task that carries enormous responsibility, as the result will have a direct impact on the daily lives of residents. Aware of this fact, we undertake each interior design project with full commitment and attention to detail. Our philosophy is based on open communication and understanding the client&#x27;s needs, which allows us to realize their visions in the most satisfying way.<\/p>\n\n\n\n<p>We follow the latest trends and innovations in architecture and design by participating in trade fairs and constantly expanding our knowledge. This allows us to provide our clients with the highest quality services, keeping up with the times and offering solutions that are both functional and stylish. Investing in professional <strong>interior design<\/strong> assistance <strong>in the Tri-City<\/strong> brings noticeable results and ensures that the final outcome exceeds expectations.<\/p>\n\n\n\n<p>Our goal is not only to satisfy our customers, but also to ensure their complete satisfaction with the results of our work. That is why every completed project that exceeds their expectations is a real reward for us and motivates us to further improve our skills.<\/p>\n\n\n\n<div style=\"height:31px\" aria-hidden=\"true\" class=\"wp-block-spacer\"><\/div>\n\n\n\n<div class=\"wp-block-buttons is-layout-flex wp-block-buttons-is-layout-flex\">\n<div class=\"wp-block-button\"><a class=\"wp-block-button__link wp-element-button\" href=\"\/kontakt\">Get in touch with us! <\/a><\/div>\n<\/div>\n\n\n\n<div style=\"height:50px\" aria-hidden=\"true\" class=\"wp-block-spacer\"><\/div>\n\n\n\n<div class=\"wp-block-columns is-layout-flex wp-container-core-columns-is-layout-28f84493 wp-block-columns-is-layout-flex\">\n<div class=\"wp-block-column is-layout-flow wp-block-column-is-layout-flow\">\n<div class=\"wp-block-cover is-light\"><span aria-hidden=\"true\" class=\"wp-block-cover__background has-background-dim-0 has-background-dim\"><\/span><img decoding=\"async\" class=\"wp-block-cover__image-background wp-image-10277\" alt=\"aran\u017cacja wn\u0119trza \u0142azienki Tr\u00f3jmiasto\" src=\"https:\/\/ajot-aranzacje.pl\/wp-content\/uploads\/2024\/02\/projekt-lazienki-scaled.jpg\" data-object-fit=\"cover\"\/><div class=\"wp-block-cover__inner-container is-layout-flow wp-block-cover-is-layout-flow\">\n<p class=\"has-text-align-center has-large-font-size\"><\/p>\n<\/div><\/div>\n<\/div>\n\n\n\n<div class=\"wp-block-column is-layout-flow wp-block-column-is-layout-flow\">\n<div class=\"wp-block-cover is-light\"><span aria-hidden=\"true\" class=\"wp-block-cover__background has-background-dim-0 has-background-dim\"><\/span><img decoding=\"async\" class=\"wp-block-cover__image-background wp-image-10279\" alt=\"aran\u017cacja wn\u0119trza salonu Tr\u00f3jmiasto\" src=\"https:\/\/ajot-aranzacje.pl\/wp-content\/uploads\/2024\/02\/2-projekt-piwnicy.jpg\" data-object-fit=\"cover\"\/><div class=\"wp-block-cover__inner-container is-layout-flow wp-block-cover-is-layout-flow\">\n<p class=\"has-text-align-center has-large-font-size\"><\/p>\n<\/div><\/div>\n<\/div>\n<\/div>\n\n\n\n<div style=\"height:30px\" aria-hidden=\"true\" class=\"wp-block-spacer\"><\/div>\n\n\n\n<h2 class=\"wp-block-heading\">Write to us today!<\/h2>\n\n\n\n<p>We invite you to discover the potential of your interiors together with us. Give us a chance to prove that our designs can exceed your expectations and turn your interiors into true works of art.<\/p>\n\n\n\n<p>Let us create a space for you that reflects your personality and fulfills your wildest dreams. Contact us today to begin this extraordinary journey <strong>of interior design for your home, office, apartment, or business in the Tri-City!<\/strong><\/p>\n\n\n\n<div style=\"height:30px\" aria-hidden=\"true\" class=\"wp-block-spacer\"><\/div>\n","protected":false},"excerpt":{"rendered":"<p>In the Tri-City, the art of interior design takes on a special dimension, combining a rich history, contemporary style, and regional inspiration. As interior designers in the Tri-City with a passion for this city, we want to make your interiors unique. Our design studio specializes in creating spaces that not only delight with their aesthetics, [&hellip;]<\/p>\n","protected":false},"author":1,"featured_media":0,"parent":0,"menu_order":1,"comment_status":"closed","ping_status":"closed","template":"","meta":{"footnotes":""},"class_list":["post-11928","page","type-page","status-publish","hentry"],"yoast_head":"<!-- This site is optimized with the Yoast SEO plugin v27.1.1 - https:\/\/yoast.com\/product\/yoast-seo-wordpress\/ -->\n<title>INTERIOR DESIGN IN THE TRICITY AREA - Ajot<\/title>\n<meta name=\"robots\" content=\"index, follow, max-snippet:-1, max-image-preview:large, max-video-preview:-1\" \/>\n<link rel=\"canonical\" href=\"https:\/\/ajot-aranzacje.pl\/en\/interior-design-in-the-tricity-area\/\" \/>\n<meta property=\"og:locale\" content=\"en_US\" \/>\n<meta property=\"og:type\" content=\"article\" \/>\n<meta property=\"og:title\" content=\"INTERIOR DESIGN IN THE TRICITY AREA - Ajot\" \/>\n<meta property=\"og:description\" content=\"In the Tri-City, the art of interior design takes on a special dimension, combining a rich history, contemporary style, and regional inspiration. As interior designers in the Tri-City with a passion for this city, we want to make your interiors unique. Our design studio specializes in creating spaces that not only delight with their aesthetics, [&hellip;]\" \/>\n<meta property=\"og:url\" content=\"https:\/\/ajot-aranzacje.pl\/en\/interior-design-in-the-tricity-area\/\" \/>\n<meta property=\"og:site_name\" content=\"Ajot\" \/>\n<meta property=\"article:modified_time\" content=\"2026-02-26T08:29:46+00:00\" \/>\n<meta property=\"og:image\" content=\"https:\/\/ajot-aranzacje.pl\/wp-content\/uploads\/2024\/02\/projekt-lazienki-scaled.jpg\" \/>\n<meta name=\"twitter:card\" content=\"summary_large_image\" \/>\n<meta name=\"twitter:label1\" content=\"Est. reading time\" \/>\n\t<meta name=\"twitter:data1\" content=\"4 minutes\" \/>\n<script type=\"application\/ld+json\" class=\"yoast-schema-graph\">{\"@context\":\"https:\/\/schema.org\",\"@graph\":[{\"@type\":\"WebPage\",\"@id\":\"https:\/\/ajot-aranzacje.pl\/en\/interior-design-in-the-tricity-area\/\",\"url\":\"https:\/\/ajot-aranzacje.pl\/en\/interior-design-in-the-tricity-area\/\",\"name\":\"INTERIOR DESIGN IN THE TRICITY AREA - Ajot\",\"isPartOf\":{\"@id\":\"https:\/\/ajot-aranzacje.pl\/en\/#website\"},\"primaryImageOfPage\":{\"@id\":\"https:\/\/ajot-aranzacje.pl\/en\/interior-design-in-the-tricity-area\/#primaryimage\"},\"image\":{\"@id\":\"https:\/\/ajot-aranzacje.pl\/en\/interior-design-in-the-tricity-area\/#primaryimage\"},\"thumbnailUrl\":\"https:\/\/ajot-aranzacje.pl\/wp-content\/uploads\/2024\/02\/projekt-lazienki-scaled.jpg\",\"datePublished\":\"2024-05-13T11:45:48+00:00\",\"dateModified\":\"2026-02-26T08:29:46+00:00\",\"breadcrumb\":{\"@id\":\"https:\/\/ajot-aranzacje.pl\/en\/interior-design-in-the-tricity-area\/#breadcrumb\"},\"inLanguage\":\"en-US\",\"potentialAction\":[{\"@type\":\"ReadAction\",\"target\":[\"https:\/\/ajot-aranzacje.pl\/en\/interior-design-in-the-tricity-area\/\"]}]},{\"@type\":\"ImageObject\",\"inLanguage\":\"en-US\",\"@id\":\"https:\/\/ajot-aranzacje.pl\/en\/interior-design-in-the-tricity-area\/#primaryimage\",\"url\":\"https:\/\/ajot-aranzacje.pl\/wp-content\/uploads\/2024\/02\/projekt-lazienki-scaled.jpg\",\"contentUrl\":\"https:\/\/ajot-aranzacje.pl\/wp-content\/uploads\/2024\/02\/projekt-lazienki-scaled.jpg\"},{\"@type\":\"BreadcrumbList\",\"@id\":\"https:\/\/ajot-aranzacje.pl\/en\/interior-design-in-the-tricity-area\/#breadcrumb\",\"itemListElement\":[{\"@type\":\"ListItem\",\"position\":1,\"name\":\"Strona g\u0142\u00f3wna\",\"item\":\"https:\/\/ajot-aranzacje.pl\/en\/\"},{\"@type\":\"ListItem\",\"position\":2,\"name\":\"INTERIOR DESIGN IN THE TRICITY AREA\"}]},{\"@type\":\"WebSite\",\"@id\":\"https:\/\/ajot-aranzacje.pl\/en\/#website\",\"url\":\"https:\/\/ajot-aranzacje.pl\/en\/\",\"name\":\"Ajot\",\"description\":\"\",\"potentialAction\":[{\"@type\":\"SearchAction\",\"target\":{\"@type\":\"EntryPoint\",\"urlTemplate\":\"https:\/\/ajot-aranzacje.pl\/en\/?s={search_term_string}\"},\"query-input\":{\"@type\":\"PropertyValueSpecification\",\"valueRequired\":true,\"valueName\":\"search_term_string\"}}],\"inLanguage\":\"en-US\"}]}<\/script>\n<!-- \/ Yoast SEO plugin. -->","yoast_head_json":{"title":"INTERIOR DESIGN IN THE TRICITY AREA - Ajot","robots":{"index":"index","follow":"follow","max-snippet":"max-snippet:-1","max-image-preview":"max-image-preview:large","max-video-preview":"max-video-preview:-1"},"canonical":"https:\/\/ajot-aranzacje.pl\/en\/interior-design-in-the-tricity-area\/","og_locale":"en_US","og_type":"article","og_title":"INTERIOR DESIGN IN THE TRICITY AREA - Ajot","og_description":"In the Tri-City, the art of interior design takes on a special dimension, combining a rich history, contemporary style, and regional inspiration. As interior designers in the Tri-City with a passion for this city, we want to make your interiors unique. Our design studio specializes in creating spaces that not only delight with their aesthetics, [&hellip;]","og_url":"https:\/\/ajot-aranzacje.pl\/en\/interior-design-in-the-tricity-area\/","og_site_name":"Ajot","article_modified_time":"2026-02-26T08:29:46+00:00","og_image":[{"url":"https:\/\/ajot-aranzacje.pl\/wp-content\/uploads\/2024\/02\/projekt-lazienki-scaled.jpg","type":"","width":"","height":""}],"twitter_card":"summary_large_image","twitter_misc":{"Est. reading time":"4 minutes"},"schema":{"@context":"https:\/\/schema.org","@graph":[{"@type":"WebPage","@id":"https:\/\/ajot-aranzacje.pl\/en\/interior-design-in-the-tricity-area\/","url":"https:\/\/ajot-aranzacje.pl\/en\/interior-design-in-the-tricity-area\/","name":"INTERIOR DESIGN IN THE TRICITY AREA - Ajot","isPartOf":{"@id":"https:\/\/ajot-aranzacje.pl\/en\/#website"},"primaryImageOfPage":{"@id":"https:\/\/ajot-aranzacje.pl\/en\/interior-design-in-the-tricity-area\/#primaryimage"},"image":{"@id":"https:\/\/ajot-aranzacje.pl\/en\/interior-design-in-the-tricity-area\/#primaryimage"},"thumbnailUrl":"https:\/\/ajot-aranzacje.pl\/wp-content\/uploads\/2024\/02\/projekt-lazienki-scaled.jpg","datePublished":"2024-05-13T11:45:48+00:00","dateModified":"2026-02-26T08:29:46+00:00","breadcrumb":{"@id":"https:\/\/ajot-aranzacje.pl\/en\/interior-design-in-the-tricity-area\/#breadcrumb"},"inLanguage":"en-US","potentialAction":[{"@type":"ReadAction","target":["https:\/\/ajot-aranzacje.pl\/en\/interior-design-in-the-tricity-area\/"]}]},{"@type":"ImageObject","inLanguage":"en-US","@id":"https:\/\/ajot-aranzacje.pl\/en\/interior-design-in-the-tricity-area\/#primaryimage","url":"https:\/\/ajot-aranzacje.pl\/wp-content\/uploads\/2024\/02\/projekt-lazienki-scaled.jpg","contentUrl":"https:\/\/ajot-aranzacje.pl\/wp-content\/uploads\/2024\/02\/projekt-lazienki-scaled.jpg"},{"@type":"BreadcrumbList","@id":"https:\/\/ajot-aranzacje.pl\/en\/interior-design-in-the-tricity-area\/#breadcrumb","itemListElement":[{"@type":"ListItem","position":1,"name":"Strona g\u0142\u00f3wna","item":"https:\/\/ajot-aranzacje.pl\/en\/"},{"@type":"ListItem","position":2,"name":"INTERIOR DESIGN IN THE TRICITY AREA"}]},{"@type":"WebSite","@id":"https:\/\/ajot-aranzacje.pl\/en\/#website","url":"https:\/\/ajot-aranzacje.pl\/en\/","name":"Ajot","description":"","potentialAction":[{"@type":"SearchAction","target":{"@type":"EntryPoint","urlTemplate":"https:\/\/ajot-aranzacje.pl\/en\/?s={search_term_string}"},"query-input":{"@type":"PropertyValueSpecification","valueRequired":true,"valueName":"search_term_string"}}],"inLanguage":"en-US"}]}},"_links":{"self":[{"href":"https:\/\/ajot-aranzacje.pl\/en\/wp-json\/wp\/v2\/pages\/11928","targetHints":{"allow":["GET"]}}],"collection":[{"href":"https:\/\/ajot-aranzacje.pl\/en\/wp-json\/wp\/v2\/pages"}],"about":[{"href":"https:\/\/ajot-aranzacje.pl\/en\/wp-json\/wp\/v2\/types\/page"}],"author":[{"embeddable":true,"href":"https:\/\/ajot-aranzacje.pl\/en\/wp-json\/wp\/v2\/users\/1"}],"replies":[{"embeddable":true,"href":"https:\/\/ajot-aranzacje.pl\/en\/wp-json\/wp\/v2\/comments?post=11928"}],"version-history":[{"count":1,"href":"https:\/\/ajot-aranzacje.pl\/en\/wp-json\/wp\/v2\/pages\/11928\/revisions"}],"predecessor-version":[{"id":11963,"href":"https:\/\/ajot-aranzacje.pl\/en\/wp-json\/wp\/v2\/pages\/11928\/revisions\/11963"}],"wp:attachment":[{"href":"https:\/\/ajot-aranzacje.pl\/en\/wp-json\/wp\/v2\/media?parent=11928"}],"curies":[{"name":"wp","href":"https:\/\/api.w.org\/{rel}","templated":true}]}}