{"id":11984,"date":"2023-02-08T21:22:45","date_gmt":"2023-02-08T20:22:45","guid":{"rendered":"http:\/\/ajot.v9.mr.org.pl\/apartament-aura-gdansk\/"},"modified":"2026-02-26T09:29:52","modified_gmt":"2026-02-26T08:29:52","slug":"interior-design-of-an-apartment-in-gdansk-aura-housing-estate","status":"publish","type":"page","link":"https:\/\/ajot-aranzacje.pl\/en\/projects\/apartment-designs\/interior-design-of-an-apartment-in-gdansk-aura-housing-estate\/","title":{"rendered":"INTERIOR DESIGN OF AN APARTMENT IN GDANSK &#8211; AURA HOUSING ESTATE"},"content":{"rendered":"\n<p><strong>Area: 100m<sup>2<\/sup><\/strong><\/p>\n\n\n\n<p>When we talk about warm interiors, we mean those that evoke positive associations, are cozy, and pleasant to be in. A warm interior is also a comfortable interior. This is exactly what the client dreamed of when she came to me. She wanted wood to be the main theme, as it reminded her of the mountain home where she grew up. The perfect way to warm up the interior was to use wood on the kitchen wall as well. The kitchen cabinet fronts are cashmere-colored, which blends in beautifully and adds coziness.<\/p>\n\n\n\n<figure class=\"wp-block-image\"><img decoding=\"async\" src=\"https:\/\/ajot-aranzacje.pl\/wp-content\/uploads\/2023\/02\/AURA-2.jpg\" alt=\"projektowanie wnetrz Gdansk\"\/><\/figure>\n\n\n\n<figure class=\"wp-block-image\"><img decoding=\"async\" src=\"https:\/\/ajot-aranzacje.pl\/wp-content\/uploads\/2023\/02\/11.jpg\" alt=\"\"\/><\/figure>\n\n\n\n<figure class=\"wp-block-image\"><img decoding=\"async\" src=\"https:\/\/ajot-aranzacje.pl\/wp-content\/uploads\/2023\/02\/projekt-wnetrz-aura.jpg\" alt=\"\"\/><\/figure>\n\n\n\n<figure class=\"wp-block-image\"><img decoding=\"async\" src=\"https:\/\/ajot-aranzacje.pl\/wp-content\/uploads\/2023\/02\/Chmielna-73-B-m109-21.jpg\" alt=\"aran\u017cacja wn\u0119trz Gda\u0144sk\"\/><\/figure>\n\n\n\n<figure class=\"wp-block-image\"><img decoding=\"async\" src=\"https:\/\/ajot-aranzacje.pl\/wp-content\/uploads\/2023\/02\/Chmielna-73-B-m109-4.jpg\" alt=\"\"\/><\/figure>\n\n\n\n<figure class=\"wp-block-image\"><img decoding=\"async\" src=\"https:\/\/ajot-aranzacje.pl\/wp-content\/uploads\/2023\/02\/Chmielna-73-B-m109-15.jpg\" alt=\"\"\/><\/figure>\n\n\n\n<figure class=\"wp-block-image\"><img decoding=\"async\" src=\"https:\/\/ajot-aranzacje.pl\/wp-content\/uploads\/2023\/02\/12.jpg\" alt=\"\"\/><\/figure>\n\n\n\n<figure class=\"wp-block-image\"><img decoding=\"async\" src=\"https:\/\/ajot-aranzacje.pl\/wp-content\/uploads\/2023\/02\/9.jpg\" alt=\"\"\/><\/figure>\n\n\n\n<figure class=\"wp-block-image\"><img decoding=\"async\" src=\"https:\/\/ajot-aranzacje.pl\/wp-content\/uploads\/2023\/02\/apartament-aura-6.jpg\" alt=\"\"\/><\/figure>\n\n\n\n<figure class=\"wp-block-image\"><img decoding=\"async\" src=\"https:\/\/ajot-aranzacje.pl\/wp-content\/uploads\/2023\/02\/apartament-aura-8.jpg\" alt=\"\"\/><\/figure>\n\n\n\n<figure class=\"wp-block-image\"><img decoding=\"async\" src=\"https:\/\/ajot-aranzacje.pl\/wp-content\/uploads\/2023\/02\/apartament-aura-9.jpg\" alt=\"\"\/><\/figure>\n\n\n\n<figure class=\"wp-block-image\"><img decoding=\"async\" src=\"https:\/\/ajot-aranzacje.pl\/wp-content\/uploads\/2023\/02\/Chmielna-73-B-m109-37.jpg\" alt=\"aran\u017cacje wn\u0119trza Gda\u0144sk\"\/><\/figure>\n\n\n\n<p>The stone used on the TV wall is a strong accent in the living room. When designing the interior of the living room, we knew that breaking up the light colors in this way would be a good idea for this room. The dark wall catches the eye as soon as you enter the living room and contrasts nicely with the whole. In addition, a large milled mirror on the wall opposite the window reflects the clouds &#8211; the client really liked this effect, as when sitting on the sofa she feels &quot;surrounded by clouds.&quot; This solution also makes the living room seem larger and brighter. In the bathroom interior design, the color scheme is a continuation of the living space. The cashmere color of the fronts combined with wood makes the bathroom very cozy. In the bedroom, the cozy atmosphere is created by soft upholstery, blankets, throws, cushions, and a rug. Everything in light pastel colors soothes the senses and helps you relax after a hard day&#x27;s work.<\/p>\n","protected":false},"excerpt":{"rendered":"<p>When we talk about warm interiors, we mean those that evoke positive associations, are cozy, and pleasant to be in. A warm interior is also a comfortable interior. This is exactly the kind of interior the client dreamed of when she came to me. She wanted wood to be the leitmotif, as it reminded her of the mountain home where she grew up. <\/p>\n","protected":false},"author":1,"featured_media":11985,"parent":12104,"menu_order":17,"comment_status":"closed","ping_status":"closed","template":"","meta":{"footnotes":""},"class_list":["post-11984","page","type-page","status-publish","has-post-thumbnail","hentry"],"yoast_head":"<!-- This site is optimized with the Yoast SEO plugin v27.1.1 - https:\/\/yoast.com\/product\/yoast-seo-wordpress\/ -->\n<title>INTERIOR DESIGN OF AN APARTMENT IN GDANSK - AURA HOUSING ESTATE - Ajot<\/title>\n<meta name=\"robots\" content=\"index, follow, max-snippet:-1, max-image-preview:large, max-video-preview:-1\" \/>\n<link rel=\"canonical\" href=\"https:\/\/ajot-aranzacje.pl\/en\/projects\/apartment-designs\/interior-design-of-an-apartment-in-gdansk-aura-housing-estate\/\" \/>\n<meta property=\"og:locale\" content=\"en_US\" \/>\n<meta property=\"og:type\" content=\"article\" \/>\n<meta property=\"og:title\" content=\"INTERIOR DESIGN OF AN APARTMENT IN GDANSK - AURA HOUSING ESTATE - Ajot\" \/>\n<meta property=\"og:description\" content=\"When we talk about warm interiors, we mean those that evoke positive associations, are cozy, and pleasant to be in. A warm interior is also a comfortable interior. This is exactly the kind of interior the client dreamed of when she came to me. She wanted wood to be the leitmotif, as it reminded her of the mountain home where she grew up.\" \/>\n<meta property=\"og:url\" content=\"https:\/\/ajot-aranzacje.pl\/en\/projects\/apartment-designs\/interior-design-of-an-apartment-in-gdansk-aura-housing-estate\/\" \/>\n<meta property=\"og:site_name\" content=\"Ajot\" \/>\n<meta property=\"article:modified_time\" content=\"2026-02-26T08:29:52+00:00\" \/>\n<meta property=\"og:image\" content=\"https:\/\/ajot-aranzacje.pl\/wp-content\/uploads\/AURA-2-scaled.jpg\" \/>\n\t<meta property=\"og:image:width\" content=\"2560\" \/>\n\t<meta property=\"og:image:height\" content=\"1706\" \/>\n\t<meta property=\"og:image:type\" content=\"image\/jpeg\" \/>\n<meta name=\"twitter:card\" content=\"summary_large_image\" \/>\n<script type=\"application\/ld+json\" class=\"yoast-schema-graph\">{\"@context\":\"https:\/\/schema.org\",\"@graph\":[{\"@type\":\"WebPage\",\"@id\":\"https:\/\/ajot-aranzacje.pl\/en\/projects\/apartment-designs\/interior-design-of-an-apartment-in-gdansk-aura-housing-estate\/\",\"url\":\"https:\/\/ajot-aranzacje.pl\/en\/projects\/apartment-designs\/interior-design-of-an-apartment-in-gdansk-aura-housing-estate\/\",\"name\":\"INTERIOR DESIGN OF AN APARTMENT IN GDANSK - AURA HOUSING ESTATE - Ajot\",\"isPartOf\":{\"@id\":\"https:\/\/ajot-aranzacje.pl\/en\/#website\"},\"primaryImageOfPage\":{\"@id\":\"https:\/\/ajot-aranzacje.pl\/en\/projects\/apartment-designs\/interior-design-of-an-apartment-in-gdansk-aura-housing-estate\/#primaryimage\"},\"image\":{\"@id\":\"https:\/\/ajot-aranzacje.pl\/en\/projects\/apartment-designs\/interior-design-of-an-apartment-in-gdansk-aura-housing-estate\/#primaryimage\"},\"thumbnailUrl\":\"https:\/\/ajot-aranzacje.pl\/wp-content\/uploads\/AURA-2-scaled.jpg\",\"datePublished\":\"2023-02-08T20:22:45+00:00\",\"dateModified\":\"2026-02-26T08:29:52+00:00\",\"breadcrumb\":{\"@id\":\"https:\/\/ajot-aranzacje.pl\/en\/projects\/apartment-designs\/interior-design-of-an-apartment-in-gdansk-aura-housing-estate\/#breadcrumb\"},\"inLanguage\":\"en-US\",\"potentialAction\":[{\"@type\":\"ReadAction\",\"target\":[\"https:\/\/ajot-aranzacje.pl\/en\/projects\/apartment-designs\/interior-design-of-an-apartment-in-gdansk-aura-housing-estate\/\"]}]},{\"@type\":\"ImageObject\",\"inLanguage\":\"en-US\",\"@id\":\"https:\/\/ajot-aranzacje.pl\/en\/projects\/apartment-designs\/interior-design-of-an-apartment-in-gdansk-aura-housing-estate\/#primaryimage\",\"url\":\"https:\/\/ajot-aranzacje.pl\/wp-content\/uploads\/AURA-2-scaled.jpg\",\"contentUrl\":\"https:\/\/ajot-aranzacje.pl\/wp-content\/uploads\/AURA-2-scaled.jpg\",\"width\":2560,\"height\":1706},{\"@type\":\"BreadcrumbList\",\"@id\":\"https:\/\/ajot-aranzacje.pl\/en\/projects\/apartment-designs\/interior-design-of-an-apartment-in-gdansk-aura-housing-estate\/#breadcrumb\",\"itemListElement\":[{\"@type\":\"ListItem\",\"position\":1,\"name\":\"Strona g\u0142\u00f3wna\",\"item\":\"https:\/\/ajot-aranzacje.pl\/en\/\"},{\"@type\":\"ListItem\",\"position\":2,\"name\":\"INTERIOR DESIGN OF AN APARTMENT IN GDANSK &#8211; AURA HOUSING ESTATE\"}]},{\"@type\":\"WebSite\",\"@id\":\"https:\/\/ajot-aranzacje.pl\/en\/#website\",\"url\":\"https:\/\/ajot-aranzacje.pl\/en\/\",\"name\":\"Ajot\",\"description\":\"\",\"potentialAction\":[{\"@type\":\"SearchAction\",\"target\":{\"@type\":\"EntryPoint\",\"urlTemplate\":\"https:\/\/ajot-aranzacje.pl\/en\/?s={search_term_string}\"},\"query-input\":{\"@type\":\"PropertyValueSpecification\",\"valueRequired\":true,\"valueName\":\"search_term_string\"}}],\"inLanguage\":\"en-US\"}]}<\/script>\n<!-- \/ Yoast SEO plugin. -->","yoast_head_json":{"title":"INTERIOR DESIGN OF AN APARTMENT IN GDANSK - AURA HOUSING ESTATE - Ajot","robots":{"index":"index","follow":"follow","max-snippet":"max-snippet:-1","max-image-preview":"max-image-preview:large","max-video-preview":"max-video-preview:-1"},"canonical":"https:\/\/ajot-aranzacje.pl\/en\/projects\/apartment-designs\/interior-design-of-an-apartment-in-gdansk-aura-housing-estate\/","og_locale":"en_US","og_type":"article","og_title":"INTERIOR DESIGN OF AN APARTMENT IN GDANSK - AURA HOUSING ESTATE - Ajot","og_description":"When we talk about warm interiors, we mean those that evoke positive associations, are cozy, and pleasant to be in. A warm interior is also a comfortable interior. This is exactly the kind of interior the client dreamed of when she came to me. She wanted wood to be the leitmotif, as it reminded her of the mountain home where she grew up.","og_url":"https:\/\/ajot-aranzacje.pl\/en\/projects\/apartment-designs\/interior-design-of-an-apartment-in-gdansk-aura-housing-estate\/","og_site_name":"Ajot","article_modified_time":"2026-02-26T08:29:52+00:00","og_image":[{"width":2560,"height":1706,"url":"https:\/\/ajot-aranzacje.pl\/wp-content\/uploads\/AURA-2-scaled.jpg","type":"image\/jpeg"}],"twitter_card":"summary_large_image","schema":{"@context":"https:\/\/schema.org","@graph":[{"@type":"WebPage","@id":"https:\/\/ajot-aranzacje.pl\/en\/projects\/apartment-designs\/interior-design-of-an-apartment-in-gdansk-aura-housing-estate\/","url":"https:\/\/ajot-aranzacje.pl\/en\/projects\/apartment-designs\/interior-design-of-an-apartment-in-gdansk-aura-housing-estate\/","name":"INTERIOR DESIGN OF AN APARTMENT IN GDANSK - AURA HOUSING ESTATE - Ajot","isPartOf":{"@id":"https:\/\/ajot-aranzacje.pl\/en\/#website"},"primaryImageOfPage":{"@id":"https:\/\/ajot-aranzacje.pl\/en\/projects\/apartment-designs\/interior-design-of-an-apartment-in-gdansk-aura-housing-estate\/#primaryimage"},"image":{"@id":"https:\/\/ajot-aranzacje.pl\/en\/projects\/apartment-designs\/interior-design-of-an-apartment-in-gdansk-aura-housing-estate\/#primaryimage"},"thumbnailUrl":"https:\/\/ajot-aranzacje.pl\/wp-content\/uploads\/AURA-2-scaled.jpg","datePublished":"2023-02-08T20:22:45+00:00","dateModified":"2026-02-26T08:29:52+00:00","breadcrumb":{"@id":"https:\/\/ajot-aranzacje.pl\/en\/projects\/apartment-designs\/interior-design-of-an-apartment-in-gdansk-aura-housing-estate\/#breadcrumb"},"inLanguage":"en-US","potentialAction":[{"@type":"ReadAction","target":["https:\/\/ajot-aranzacje.pl\/en\/projects\/apartment-designs\/interior-design-of-an-apartment-in-gdansk-aura-housing-estate\/"]}]},{"@type":"ImageObject","inLanguage":"en-US","@id":"https:\/\/ajot-aranzacje.pl\/en\/projects\/apartment-designs\/interior-design-of-an-apartment-in-gdansk-aura-housing-estate\/#primaryimage","url":"https:\/\/ajot-aranzacje.pl\/wp-content\/uploads\/AURA-2-scaled.jpg","contentUrl":"https:\/\/ajot-aranzacje.pl\/wp-content\/uploads\/AURA-2-scaled.jpg","width":2560,"height":1706},{"@type":"BreadcrumbList","@id":"https:\/\/ajot-aranzacje.pl\/en\/projects\/apartment-designs\/interior-design-of-an-apartment-in-gdansk-aura-housing-estate\/#breadcrumb","itemListElement":[{"@type":"ListItem","position":1,"name":"Strona g\u0142\u00f3wna","item":"https:\/\/ajot-aranzacje.pl\/en\/"},{"@type":"ListItem","position":2,"name":"INTERIOR DESIGN OF AN APARTMENT IN GDANSK &#8211; AURA HOUSING ESTATE"}]},{"@type":"WebSite","@id":"https:\/\/ajot-aranzacje.pl\/en\/#website","url":"https:\/\/ajot-aranzacje.pl\/en\/","name":"Ajot","description":"","potentialAction":[{"@type":"SearchAction","target":{"@type":"EntryPoint","urlTemplate":"https:\/\/ajot-aranzacje.pl\/en\/?s={search_term_string}"},"query-input":{"@type":"PropertyValueSpecification","valueRequired":true,"valueName":"search_term_string"}}],"inLanguage":"en-US"}]}},"_links":{"self":[{"href":"https:\/\/ajot-aranzacje.pl\/en\/wp-json\/wp\/v2\/pages\/11984","targetHints":{"allow":["GET"]}}],"collection":[{"href":"https:\/\/ajot-aranzacje.pl\/en\/wp-json\/wp\/v2\/pages"}],"about":[{"href":"https:\/\/ajot-aranzacje.pl\/en\/wp-json\/wp\/v2\/types\/page"}],"author":[{"embeddable":true,"href":"https:\/\/ajot-aranzacje.pl\/en\/wp-json\/wp\/v2\/users\/1"}],"replies":[{"embeddable":true,"href":"https:\/\/ajot-aranzacje.pl\/en\/wp-json\/wp\/v2\/comments?post=11984"}],"version-history":[{"count":1,"href":"https:\/\/ajot-aranzacje.pl\/en\/wp-json\/wp\/v2\/pages\/11984\/revisions"}],"predecessor-version":[{"id":12016,"href":"https:\/\/ajot-aranzacje.pl\/en\/wp-json\/wp\/v2\/pages\/11984\/revisions\/12016"}],"up":[{"embeddable":true,"href":"https:\/\/ajot-aranzacje.pl\/en\/wp-json\/wp\/v2\/pages\/12104"}],"wp:featuredmedia":[{"embeddable":true,"href":"https:\/\/ajot-aranzacje.pl\/en\/wp-json\/wp\/v2\/media\/11985"}],"wp:attachment":[{"href":"https:\/\/ajot-aranzacje.pl\/en\/wp-json\/wp\/v2\/media?parent=11984"}],"curies":[{"name":"wp","href":"https:\/\/api.w.org\/{rel}","templated":true}]}}