{"id":12053,"date":"2018-02-05T10:57:27","date_gmt":"2018-02-05T09:57:27","guid":{"rendered":"http:\/\/ajot.v9.mr.org.pl\/penthouse-gdynia\/"},"modified":"2026-02-26T09:29:58","modified_gmt":"2026-02-26T08:29:58","slug":"interior-design-of-a-penthouse-gdynia","status":"publish","type":"page","link":"https:\/\/ajot-aranzacje.pl\/en\/projects\/apartment-designs\/interior-design-of-a-penthouse-gdynia\/","title":{"rendered":"INTERIOR DESIGN OF A PENTHOUSE &#8211; GDYNIA"},"content":{"rendered":"\n<p><strong>Area: 140m<sup>2<\/sup><\/strong><\/p>\n\n\n\n<p>The apartment is located in a newly built development in the center of Gdynia, Art Deco. The layout of the partition walls has been transformed and the functions of the rooms changed, making the apartment much more spacious. In the central part of the apartment, there is a kitchen with an unusual, modern form. The main goal of the investor was to create a bright, spacious apartment, which led to the use of polyurethane screeds on the floors. This solution, together with the use of underfloor heating, works perfectly, and the household members love walking barefoot. The whole space is enlivened by turquoise accessories and photos with sea views. The project was carried out under the author&#x27;s supervision.<\/p>\n\n\n\n<figure class=\"wp-block-image\"><img decoding=\"async\" src=\"https:\/\/ajot-aranzacje.pl\/wp-content\/uploads\/2018\/02\/1-3.jpg\" alt=\"\"\/><\/figure>\n\n\n\n<figure class=\"wp-block-image\"><img decoding=\"async\" src=\"https:\/\/ajot-aranzacje.pl\/wp-content\/uploads\/2018\/02\/2-3.jpg\" alt=\"\"\/><\/figure>\n\n\n\n<figure class=\"wp-block-image\"><img decoding=\"async\" src=\"https:\/\/ajot-aranzacje.pl\/wp-content\/uploads\/2018\/02\/3-3.jpg\" alt=\"\"\/><\/figure>\n\n\n\n<figure class=\"wp-block-image\"><img decoding=\"async\" src=\"https:\/\/ajot-aranzacje.pl\/wp-content\/uploads\/2018\/02\/4-3.jpg\" alt=\"\"\/><\/figure>\n\n\n\n<figure class=\"wp-block-image\"><img decoding=\"async\" src=\"https:\/\/ajot-aranzacje.pl\/wp-content\/uploads\/2018\/02\/5-3.jpg\" alt=\"\"\/><\/figure>\n\n\n\n<figure class=\"wp-block-image\"><img decoding=\"async\" src=\"https:\/\/ajot-aranzacje.pl\/wp-content\/uploads\/2018\/02\/6-3.jpg\" alt=\"\"\/><\/figure>\n\n\n\n<figure class=\"wp-block-image\"><img decoding=\"async\" src=\"https:\/\/ajot-aranzacje.pl\/wp-content\/uploads\/2018\/02\/7-3.jpg\" alt=\"\"\/><\/figure>\n\n\n\n<figure class=\"wp-block-image\"><img decoding=\"async\" src=\"https:\/\/ajot-aranzacje.pl\/wp-content\/uploads\/2018\/02\/8-3.jpg\" alt=\"\"\/><\/figure>\n\n\n\n<figure class=\"wp-block-image\"><img decoding=\"async\" src=\"https:\/\/ajot-aranzacje.pl\/wp-content\/uploads\/2018\/02\/9-1.jpg\" alt=\"\"\/><\/figure>\n\n\n\n<figure class=\"wp-block-image\"><img decoding=\"async\" src=\"https:\/\/ajot-aranzacje.pl\/wp-content\/uploads\/2018\/02\/10.jpg\" alt=\"\"\/><\/figure>\n\n\n\n<figure class=\"wp-block-image\"><img decoding=\"async\" src=\"https:\/\/ajot-aranzacje.pl\/wp-content\/uploads\/2018\/02\/11.jpg\" alt=\"\"\/><\/figure>\n\n\n\n<figure class=\"wp-block-image\"><img decoding=\"async\" src=\"https:\/\/ajot-aranzacje.pl\/wp-content\/uploads\/2018\/02\/12.jpg\" alt=\"\"\/><\/figure>\n\n\n\n<figure class=\"wp-block-image\"><img decoding=\"async\" src=\"https:\/\/ajot-aranzacje.pl\/wp-content\/uploads\/2018\/02\/13.jpg\" alt=\"\"\/><\/figure>\n\n\n\n<figure class=\"wp-block-image\"><img decoding=\"async\" src=\"https:\/\/ajot-aranzacje.pl\/wp-content\/uploads\/2018\/02\/14.jpg\" alt=\"\"\/><\/figure>\n\n\n\n<figure class=\"wp-block-image\"><img decoding=\"async\" src=\"https:\/\/ajot-aranzacje.pl\/wp-content\/uploads\/2018\/02\/15.jpg\" alt=\"\"\/><\/figure>\n\n\n\n<figure class=\"wp-block-image\"><img decoding=\"async\" src=\"https:\/\/ajot-aranzacje.pl\/wp-content\/uploads\/2018\/02\/16.jpg\" alt=\"\"\/><\/figure>\n\n\n\n<figure class=\"wp-block-image\"><img decoding=\"async\" src=\"https:\/\/ajot-aranzacje.pl\/wp-content\/uploads\/2018\/02\/17.jpg\" alt=\"\"\/><\/figure>\n\n\n\n<figure class=\"wp-block-image\"><img decoding=\"async\" src=\"https:\/\/ajot-aranzacje.pl\/wp-content\/uploads\/2018\/02\/18.jpg\" alt=\"\"\/><\/figure>\n\n\n\n<figure class=\"wp-block-image\"><img decoding=\"async\" src=\"https:\/\/ajot-aranzacje.pl\/wp-content\/uploads\/2018\/02\/19.jpg\" alt=\"\"\/><\/figure>\n\n\n\n<figure class=\"wp-block-image\"><img decoding=\"async\" src=\"https:\/\/ajot-aranzacje.pl\/wp-content\/uploads\/2018\/02\/20.jpg\" alt=\"\"\/><\/figure>\n\n\n\n<figure class=\"wp-block-image\"><img decoding=\"async\" src=\"https:\/\/ajot-aranzacje.pl\/wp-content\/uploads\/2018\/02\/21.jpg\" alt=\"\"\/><\/figure>\n\n\n\n<p>The interior design of the apartment includes a living room with a kitchenette, a study, a dressing room, a bedroom, and a bathroom. All rooms are based on a light color scheme. The white walls and built-in furniture are warmed up with beige accessories. The living room design is further warmed up by the use of curtains on the walls. Photos from the project by Magdalena \u0141ojewska.<\/p>\n","protected":false},"excerpt":{"rendered":"<p>Interior design project Gdynia, interior design Gda\u0144sk, interior design Gda\u0144sk, interior decoration Gda\u0144sk, interior architect Gda\u0144sk <\/p>\n","protected":false},"author":1,"featured_media":12054,"parent":12104,"menu_order":22,"comment_status":"closed","ping_status":"closed","template":"","meta":{"footnotes":""},"class_list":["post-12053","page","type-page","status-publish","has-post-thumbnail","hentry"],"yoast_head":"<!-- This site is optimized with the Yoast SEO plugin v27.1.1 - https:\/\/yoast.com\/product\/yoast-seo-wordpress\/ -->\n<title>INTERIOR DESIGN OF A PENTHOUSE - GDYNIA - Ajot<\/title>\n<meta name=\"robots\" content=\"index, follow, max-snippet:-1, max-image-preview:large, max-video-preview:-1\" \/>\n<link rel=\"canonical\" href=\"https:\/\/ajot-aranzacje.pl\/en\/projects\/apartment-designs\/interior-design-of-a-penthouse-gdynia\/\" \/>\n<meta property=\"og:locale\" content=\"en_US\" \/>\n<meta property=\"og:type\" content=\"article\" \/>\n<meta property=\"og:title\" content=\"INTERIOR DESIGN OF A PENTHOUSE - GDYNIA - Ajot\" \/>\n<meta property=\"og:description\" content=\"Interior design project Gdynia, interior design Gda\u0144sk, interior design Gda\u0144sk, interior decoration Gda\u0144sk, interior architect Gda\u0144sk\" \/>\n<meta property=\"og:url\" content=\"https:\/\/ajot-aranzacje.pl\/en\/projects\/apartment-designs\/interior-design-of-a-penthouse-gdynia\/\" \/>\n<meta property=\"og:site_name\" content=\"Ajot\" \/>\n<meta property=\"article:modified_time\" content=\"2026-02-26T08:29:58+00:00\" \/>\n<meta property=\"og:image\" content=\"https:\/\/ajot-aranzacje.pl\/wp-content\/uploads\/1-3-1.jpg\" \/>\n\t<meta property=\"og:image:width\" content=\"1200\" \/>\n\t<meta property=\"og:image:height\" content=\"800\" \/>\n\t<meta property=\"og:image:type\" content=\"image\/jpeg\" \/>\n<meta name=\"twitter:card\" content=\"summary_large_image\" \/>\n<script type=\"application\/ld+json\" class=\"yoast-schema-graph\">{\"@context\":\"https:\/\/schema.org\",\"@graph\":[{\"@type\":\"WebPage\",\"@id\":\"https:\/\/ajot-aranzacje.pl\/en\/projects\/apartment-designs\/interior-design-of-a-penthouse-gdynia\/\",\"url\":\"https:\/\/ajot-aranzacje.pl\/en\/projects\/apartment-designs\/interior-design-of-a-penthouse-gdynia\/\",\"name\":\"INTERIOR DESIGN OF A PENTHOUSE - GDYNIA - Ajot\",\"isPartOf\":{\"@id\":\"https:\/\/ajot-aranzacje.pl\/en\/#website\"},\"primaryImageOfPage\":{\"@id\":\"https:\/\/ajot-aranzacje.pl\/en\/projects\/apartment-designs\/interior-design-of-a-penthouse-gdynia\/#primaryimage\"},\"image\":{\"@id\":\"https:\/\/ajot-aranzacje.pl\/en\/projects\/apartment-designs\/interior-design-of-a-penthouse-gdynia\/#primaryimage\"},\"thumbnailUrl\":\"https:\/\/ajot-aranzacje.pl\/wp-content\/uploads\/1-3-1.jpg\",\"datePublished\":\"2018-02-05T09:57:27+00:00\",\"dateModified\":\"2026-02-26T08:29:58+00:00\",\"breadcrumb\":{\"@id\":\"https:\/\/ajot-aranzacje.pl\/en\/projects\/apartment-designs\/interior-design-of-a-penthouse-gdynia\/#breadcrumb\"},\"inLanguage\":\"en-US\",\"potentialAction\":[{\"@type\":\"ReadAction\",\"target\":[\"https:\/\/ajot-aranzacje.pl\/en\/projects\/apartment-designs\/interior-design-of-a-penthouse-gdynia\/\"]}]},{\"@type\":\"ImageObject\",\"inLanguage\":\"en-US\",\"@id\":\"https:\/\/ajot-aranzacje.pl\/en\/projects\/apartment-designs\/interior-design-of-a-penthouse-gdynia\/#primaryimage\",\"url\":\"https:\/\/ajot-aranzacje.pl\/wp-content\/uploads\/1-3-1.jpg\",\"contentUrl\":\"https:\/\/ajot-aranzacje.pl\/wp-content\/uploads\/1-3-1.jpg\",\"width\":1200,\"height\":800},{\"@type\":\"BreadcrumbList\",\"@id\":\"https:\/\/ajot-aranzacje.pl\/en\/projects\/apartment-designs\/interior-design-of-a-penthouse-gdynia\/#breadcrumb\",\"itemListElement\":[{\"@type\":\"ListItem\",\"position\":1,\"name\":\"Strona g\u0142\u00f3wna\",\"item\":\"https:\/\/ajot-aranzacje.pl\/en\/\"},{\"@type\":\"ListItem\",\"position\":2,\"name\":\"INTERIOR DESIGN OF A PENTHOUSE &#8211; GDYNIA\"}]},{\"@type\":\"WebSite\",\"@id\":\"https:\/\/ajot-aranzacje.pl\/en\/#website\",\"url\":\"https:\/\/ajot-aranzacje.pl\/en\/\",\"name\":\"Ajot\",\"description\":\"\",\"potentialAction\":[{\"@type\":\"SearchAction\",\"target\":{\"@type\":\"EntryPoint\",\"urlTemplate\":\"https:\/\/ajot-aranzacje.pl\/en\/?s={search_term_string}\"},\"query-input\":{\"@type\":\"PropertyValueSpecification\",\"valueRequired\":true,\"valueName\":\"search_term_string\"}}],\"inLanguage\":\"en-US\"}]}<\/script>\n<!-- \/ Yoast SEO plugin. -->","yoast_head_json":{"title":"INTERIOR DESIGN OF A PENTHOUSE - GDYNIA - Ajot","robots":{"index":"index","follow":"follow","max-snippet":"max-snippet:-1","max-image-preview":"max-image-preview:large","max-video-preview":"max-video-preview:-1"},"canonical":"https:\/\/ajot-aranzacje.pl\/en\/projects\/apartment-designs\/interior-design-of-a-penthouse-gdynia\/","og_locale":"en_US","og_type":"article","og_title":"INTERIOR DESIGN OF A PENTHOUSE - GDYNIA - Ajot","og_description":"Interior design project Gdynia, interior design Gda\u0144sk, interior design Gda\u0144sk, interior decoration Gda\u0144sk, interior architect Gda\u0144sk","og_url":"https:\/\/ajot-aranzacje.pl\/en\/projects\/apartment-designs\/interior-design-of-a-penthouse-gdynia\/","og_site_name":"Ajot","article_modified_time":"2026-02-26T08:29:58+00:00","og_image":[{"width":1200,"height":800,"url":"https:\/\/ajot-aranzacje.pl\/wp-content\/uploads\/1-3-1.jpg","type":"image\/jpeg"}],"twitter_card":"summary_large_image","schema":{"@context":"https:\/\/schema.org","@graph":[{"@type":"WebPage","@id":"https:\/\/ajot-aranzacje.pl\/en\/projects\/apartment-designs\/interior-design-of-a-penthouse-gdynia\/","url":"https:\/\/ajot-aranzacje.pl\/en\/projects\/apartment-designs\/interior-design-of-a-penthouse-gdynia\/","name":"INTERIOR DESIGN OF A PENTHOUSE - GDYNIA - Ajot","isPartOf":{"@id":"https:\/\/ajot-aranzacje.pl\/en\/#website"},"primaryImageOfPage":{"@id":"https:\/\/ajot-aranzacje.pl\/en\/projects\/apartment-designs\/interior-design-of-a-penthouse-gdynia\/#primaryimage"},"image":{"@id":"https:\/\/ajot-aranzacje.pl\/en\/projects\/apartment-designs\/interior-design-of-a-penthouse-gdynia\/#primaryimage"},"thumbnailUrl":"https:\/\/ajot-aranzacje.pl\/wp-content\/uploads\/1-3-1.jpg","datePublished":"2018-02-05T09:57:27+00:00","dateModified":"2026-02-26T08:29:58+00:00","breadcrumb":{"@id":"https:\/\/ajot-aranzacje.pl\/en\/projects\/apartment-designs\/interior-design-of-a-penthouse-gdynia\/#breadcrumb"},"inLanguage":"en-US","potentialAction":[{"@type":"ReadAction","target":["https:\/\/ajot-aranzacje.pl\/en\/projects\/apartment-designs\/interior-design-of-a-penthouse-gdynia\/"]}]},{"@type":"ImageObject","inLanguage":"en-US","@id":"https:\/\/ajot-aranzacje.pl\/en\/projects\/apartment-designs\/interior-design-of-a-penthouse-gdynia\/#primaryimage","url":"https:\/\/ajot-aranzacje.pl\/wp-content\/uploads\/1-3-1.jpg","contentUrl":"https:\/\/ajot-aranzacje.pl\/wp-content\/uploads\/1-3-1.jpg","width":1200,"height":800},{"@type":"BreadcrumbList","@id":"https:\/\/ajot-aranzacje.pl\/en\/projects\/apartment-designs\/interior-design-of-a-penthouse-gdynia\/#breadcrumb","itemListElement":[{"@type":"ListItem","position":1,"name":"Strona g\u0142\u00f3wna","item":"https:\/\/ajot-aranzacje.pl\/en\/"},{"@type":"ListItem","position":2,"name":"INTERIOR DESIGN OF A PENTHOUSE &#8211; GDYNIA"}]},{"@type":"WebSite","@id":"https:\/\/ajot-aranzacje.pl\/en\/#website","url":"https:\/\/ajot-aranzacje.pl\/en\/","name":"Ajot","description":"","potentialAction":[{"@type":"SearchAction","target":{"@type":"EntryPoint","urlTemplate":"https:\/\/ajot-aranzacje.pl\/en\/?s={search_term_string}"},"query-input":{"@type":"PropertyValueSpecification","valueRequired":true,"valueName":"search_term_string"}}],"inLanguage":"en-US"}]}},"_links":{"self":[{"href":"https:\/\/ajot-aranzacje.pl\/en\/wp-json\/wp\/v2\/pages\/12053","targetHints":{"allow":["GET"]}}],"collection":[{"href":"https:\/\/ajot-aranzacje.pl\/en\/wp-json\/wp\/v2\/pages"}],"about":[{"href":"https:\/\/ajot-aranzacje.pl\/en\/wp-json\/wp\/v2\/types\/page"}],"author":[{"embeddable":true,"href":"https:\/\/ajot-aranzacje.pl\/en\/wp-json\/wp\/v2\/users\/1"}],"replies":[{"embeddable":true,"href":"https:\/\/ajot-aranzacje.pl\/en\/wp-json\/wp\/v2\/comments?post=12053"}],"version-history":[{"count":1,"href":"https:\/\/ajot-aranzacje.pl\/en\/wp-json\/wp\/v2\/pages\/12053\/revisions"}],"predecessor-version":[{"id":12079,"href":"https:\/\/ajot-aranzacje.pl\/en\/wp-json\/wp\/v2\/pages\/12053\/revisions\/12079"}],"up":[{"embeddable":true,"href":"https:\/\/ajot-aranzacje.pl\/en\/wp-json\/wp\/v2\/pages\/12104"}],"wp:featuredmedia":[{"embeddable":true,"href":"https:\/\/ajot-aranzacje.pl\/en\/wp-json\/wp\/v2\/media\/12054"}],"wp:attachment":[{"href":"https:\/\/ajot-aranzacje.pl\/en\/wp-json\/wp\/v2\/media?parent=12053"}],"curies":[{"name":"wp","href":"https:\/\/api.w.org\/{rel}","templated":true}]}}